{"id":35,"date":"2021-08-09T12:16:04","date_gmt":"2021-08-09T04:16:04","guid":{"rendered":"https:\/\/www.aretex-textiles.com\/home\/?page_id=35"},"modified":"2022-02-23T10:39:53","modified_gmt":"2022-02-23T02:39:53","slug":"about-us-%e9%97%9c%e6%96%bc%e6%88%91%e5%80%91","status":"publish","type":"page","link":"https:\/\/www.aretex-textiles.com\/home\/about-us-%e9%97%9c%e6%96%bc%e6%88%91%e5%80%91\/","title":{"rendered":"About Us \u95dc\u65bc\u6211\u5011"},"content":{"rendered":"\t\t<div data-elementor-type=\"wp-page\" data-elementor-id=\"35\" class=\"elementor elementor-35\" data-elementor-settings=\"[]\">\n\t\t\t\t\t\t\t<div class=\"elementor-section-wrap\">\n\t\t\t\t\t\t\t<section class=\"elementor-section elementor-top-section elementor-element elementor-element-8ce6297 elementor-section-boxed elementor-section-height-default elementor-section-height-default\" data-id=\"8ce6297\" data-element_type=\"section\">\n\t\t\t\t\t\t<div class=\"elementor-container elementor-column-gap-default\">\n\t\t\t\t\t<div class=\"elementor-column elementor-col-33 elementor-top-column elementor-element elementor-element-8f7889e\" data-id=\"8f7889e\" data-element_type=\"column\">\n\t\t\t<div class=\"elementor-widget-wrap elementor-element-populated\">\n\t\t\t\t\t\t\t\t<div class=\"elementor-element elementor-element-b42c915 elementor-widget elementor-widget-image\" data-id=\"b42c915\" data-element_type=\"widget\" data-widget_type=\"image.default\">\n\t\t\t\t<div class=\"elementor-widget-container\">\n\t\t\t\t\t\t\t\t\t\t\t\t\t\t\t<img loading=\"lazy\" decoding=\"async\" width=\"1024\" height=\"683\" src=\"https:\/\/www.aretex-textiles.com\/home\/wp-content\/uploads\/2021\/11\/About-Us-1-1024x683.jpg\" class=\"attachment-large size-large\" alt=\"\" srcset=\"https:\/\/www.aretex-textiles.com\/home\/wp-content\/uploads\/2021\/11\/About-Us-1-1024x683.jpg 1024w, https:\/\/www.aretex-textiles.com\/home\/wp-content\/uploads\/2021\/11\/About-Us-1-300x200.jpg 300w, https:\/\/www.aretex-textiles.com\/home\/wp-content\/uploads\/2021\/11\/About-Us-1-768x513.jpg 768w, https:\/\/www.aretex-textiles.com\/home\/wp-content\/uploads\/2021\/11\/About-Us-1-1536x1025.jpg 1536w, https:\/\/www.aretex-textiles.com\/home\/wp-content\/uploads\/2021\/11\/About-Us-1-2048x1367.jpg 2048w, https:\/\/www.aretex-textiles.com\/home\/wp-content\/uploads\/2021\/11\/About-Us-1-465x310.jpg 465w, https:\/\/www.aretex-textiles.com\/home\/wp-content\/uploads\/2021\/11\/About-Us-1-695x464.jpg 695w\" sizes=\"auto, (max-width: 1024px) 100vw, 1024px\" \/>\t\t\t\t\t\t\t\t\t\t\t\t\t\t\t<\/div>\n\t\t\t\t<\/div>\n\t\t\t\t\t<\/div>\n\t\t<\/div>\n\t\t\t\t<div class=\"elementor-column elementor-col-66 elementor-top-column elementor-element elementor-element-3d81339 elementor-invisible\" data-id=\"3d81339\" data-element_type=\"column\" data-settings=\"{&quot;animation&quot;:&quot;slideInRight&quot;}\">\n\t\t\t<div class=\"elementor-widget-wrap elementor-element-populated\">\n\t\t\t\t\t\t\t\t<div class=\"elementor-element elementor-element-ad86aff elementor-widget elementor-widget-text-editor\" data-id=\"ad86aff\" data-element_type=\"widget\" data-widget_type=\"text-editor.default\">\n\t\t\t\t<div class=\"elementor-widget-container\">\n\t\t\t\t\t\t\t<p><span style=\"font-size: 14pt; font-family: arial, helvetica, sans-serif;\">Aretex Textiles limited Founded in 2011, with a vision to create cutting-edge designs of outstanding quality, company has gradually increased its production capacity to meet rising demand, to cater to its dispersed customer segments in European and American markets.<\/span><\/p><p><span style=\"font-size: 14pt; font-family: arial, helvetica, sans-serif;\">Aretex Textiles limited \u6210\u7acb\u65bc 2011 \u5e74\uff0c\u4ee5\u5275\u9020\u5353\u8d8a\u54c1\u8cea\u7684\u524d\u6cbf\u8a2d\u8a08\u70ba\u9858\u666f\uff0c\u516c\u53f8\u9010\u6b65\u63d0\u9ad8\u7522\u80fd\u4ee5\u6eff\u8db3\u4e0d\u65b7\u589e\u9577\u7684\u9700\u6c42\uff0c\u4ee5\u8fce\u5408\u5176\u5728\u6b50\u7f8e\u5e02\u5834\u7684\u5206\u6563\u5ba2\u6236\u7fa4\u3002<\/span><\/p><p><span style=\"font-size: 14pt; font-family: arial, helvetica, sans-serif;\">Aretex Textiles Limited \u0110\u01b0\u1ee3c th\u00e0nh l\u1eadp v\u00e0o n\u0103m 2011, v\u1edbi t\u1ea7m nh\u00ecn t\u1ea1o ra nh\u1eefng thi\u1ebft k\u1ebf ti\u00ean ti\u1ebfn v\u1edbi ch\u1ea5t l\u01b0\u1ee3ng v\u01b0\u1ee3t tr\u1ed9i, c\u00f4ng ty \u0111\u00e3 t\u1eebng b\u01b0\u1edbc n\u00e2ng cao n\u0103ng l\u1ef1c s\u1ea3n xu\u1ea5t \u0111\u1ec3 \u0111\u00e1p \u1ee9ng nhu c\u1ea7u ng\u00e0y c\u00e0ng cao, ph\u1ee5c v\u1ee5 cho c\u00e1c ph\u00e2n kh\u00fac kh\u00e1ch h\u00e0ng ph\u00e2n t\u00e1n \u1edf th\u1ecb tr\u01b0\u1eddng Ch\u00e2u \u00c2u v\u00e0 Ch\u00e2u M\u1ef9.<\/span><\/p>\t\t\t\t\t\t<\/div>\n\t\t\t\t<\/div>\n\t\t\t\t\t<\/div>\n\t\t<\/div>\n\t\t\t\t\t\t\t<\/div>\n\t\t<\/section>\n\t\t\t\t<section class=\"elementor-section elementor-top-section elementor-element elementor-element-a0c9219 elementor-section-boxed elementor-section-height-default elementor-section-height-default\" data-id=\"a0c9219\" data-element_type=\"section\" data-settings=\"{&quot;animation&quot;:&quot;none&quot;}\">\n\t\t\t\t\t\t<div class=\"elementor-container elementor-column-gap-default\">\n\t\t\t\t\t<div class=\"elementor-column elementor-col-66 elementor-top-column elementor-element elementor-element-c351554 elementor-invisible\" data-id=\"c351554\" data-element_type=\"column\" data-settings=\"{&quot;animation&quot;:&quot;slideInLeft&quot;}\">\n\t\t\t<div class=\"elementor-widget-wrap elementor-element-populated\">\n\t\t\t\t\t\t\t\t<div class=\"elementor-element elementor-element-66f627f elementor-widget elementor-widget-text-editor\" data-id=\"66f627f\" data-element_type=\"widget\" data-widget_type=\"text-editor.default\">\n\t\t\t\t<div class=\"elementor-widget-container\">\n\t\t\t\t\t\t\t<p><span style=\"font-size: 14pt; font-family: arial, helvetica, sans-serif;\">With its team of talented designers who have extensive experience in the field, the brand affirms its position as offering of boutique services despite large-scales of production. Comprehensive fabric research and development guide the creative process to ensure that the diverse needs of customers are met with respect to the highest standards of quality.<\/span><\/p><p><span style=\"font-size: 14pt; font-family: arial, helvetica, sans-serif;\">\u6191\u85c9\u5176\u5728\u8a72\u9818\u57df\u64c1\u6709\u8c50\u5bcc\u7d93\u9a57\u7684\u624d\u83ef\u6a6b\u6ea2\u7684\u8a2d\u8a08\u5e2b\u5718\u968a\uff0c\u5118\u7ba1\u751f\u7522\u898f\u6a21\u9f90\u5927\uff0c\u8a72\u54c1\u724c\u4ecd\u78ba\u7acb\u4e86\u5176\u63d0\u4f9b\u7cbe\u54c1\u670d\u52d9\u7684\u5730\u4f4d\u3002\u5168\u9762\u7684\u9762\u6599\u7814\u767c\u6307\u5c0e\u5275\u610f\u904e\u7a0b\uff0c\u4ee5\u78ba\u4fdd\u4ee5\u6700\u9ad8\u8cea\u91cf\u6a19\u6e96\u6eff\u8db3\u5ba2\u6236\u7684\u591a\u6a23\u5316\u9700\u6c42\u3002<\/span><\/p><p><span style=\"font-size: 14pt; font-family: arial, helvetica, sans-serif;\">V\u1edbi \u0111\u1ed9i ng\u0169 thi\u1ebft k\u1ebf t\u00e0i n\u0103ng c\u00f3 nhi\u1ec1u kinh nghi\u1ec7m trong l\u0129nh v\u1ef1c n\u00e0y, th\u01b0\u01a1ng hi\u1ec7u kh\u1eb3ng \u0111\u1ecbnh v\u1ecb th\u1ebf c\u1ee7a m\u00ecnh khi cung c\u1ea5p d\u1ecbch v\u1ee5 boutique d\u00f9 quy m\u00f4 s\u1ea3n xu\u1ea5t l\u1edbn. Nghi\u00ean c\u1ee9u v\u00e0 ph\u00e1t tri\u1ec3n v\u1ea3i to\u00e0n di\u1ec7n h\u01b0\u1edbng d\u1eabn qu\u00e1 tr\u00ecnh s\u00e1ng t\u1ea1o \u0111\u1ec3 \u0111\u1ea3m b\u1ea3o \u0111\u00e1p \u1ee9ng c\u00e1c nhu c\u1ea7u \u0111a d\u1ea1ng c\u1ee7a kh\u00e1ch h\u00e0ng theo ti\u00eau chu\u1ea9n ch\u1ea5t l\u01b0\u1ee3ng cao nh\u1ea5t.<\/span><\/p>\t\t\t\t\t\t<\/div>\n\t\t\t\t<\/div>\n\t\t\t\t\t<\/div>\n\t\t<\/div>\n\t\t\t\t<div class=\"elementor-column elementor-col-33 elementor-top-column elementor-element elementor-element-cae8552\" data-id=\"cae8552\" data-element_type=\"column\">\n\t\t\t<div class=\"elementor-widget-wrap elementor-element-populated\">\n\t\t\t\t\t\t\t\t<div class=\"elementor-element elementor-element-265f494 elementor-widget elementor-widget-image\" data-id=\"265f494\" data-element_type=\"widget\" data-widget_type=\"image.default\">\n\t\t\t\t<div class=\"elementor-widget-container\">\n\t\t\t\t\t\t\t\t\t\t\t\t\t\t\t<img decoding=\"async\" src=\"https:\/\/www.aretex-textiles.com\/home\/wp-content\/uploads\/elementor\/thumbs\/About-Us-2-scaled-pgf5rex2vdsdh1mk9fa1s0ztf6u4krrda01bfrbbt4.jpg\" title=\"color tone texture of fabric sample\" alt=\"color tone texture of fabric sample\" \/>\t\t\t\t\t\t\t\t\t\t\t\t\t\t\t<\/div>\n\t\t\t\t<\/div>\n\t\t\t\t\t<\/div>\n\t\t<\/div>\n\t\t\t\t\t\t\t<\/div>\n\t\t<\/section>\n\t\t\t\t<section class=\"elementor-section elementor-top-section elementor-element elementor-element-2cf4980 elementor-section-boxed elementor-section-height-default elementor-section-height-default\" data-id=\"2cf4980\" data-element_type=\"section\">\n\t\t\t\t\t\t<div class=\"elementor-container elementor-column-gap-default\">\n\t\t\t\t\t<div class=\"elementor-column elementor-col-33 elementor-top-column elementor-element elementor-element-c1160f3\" data-id=\"c1160f3\" data-element_type=\"column\">\n\t\t\t<div class=\"elementor-widget-wrap elementor-element-populated\">\n\t\t\t\t\t\t\t\t<div class=\"elementor-element elementor-element-216bac5 elementor-widget elementor-widget-image\" data-id=\"216bac5\" data-element_type=\"widget\" data-widget_type=\"image.default\">\n\t\t\t\t<div class=\"elementor-widget-container\">\n\t\t\t\t\t\t\t\t\t\t\t\t\t\t\t<img loading=\"lazy\" decoding=\"async\" width=\"1024\" height=\"686\" src=\"https:\/\/www.aretex-textiles.com\/home\/wp-content\/uploads\/2021\/11\/About-Us-3-1024x686.jpg\" class=\"attachment-large size-large\" alt=\"\" srcset=\"https:\/\/www.aretex-textiles.com\/home\/wp-content\/uploads\/2021\/11\/About-Us-3-1024x686.jpg 1024w, https:\/\/www.aretex-textiles.com\/home\/wp-content\/uploads\/2021\/11\/About-Us-3-300x201.jpg 300w, https:\/\/www.aretex-textiles.com\/home\/wp-content\/uploads\/2021\/11\/About-Us-3-768x514.jpg 768w, https:\/\/www.aretex-textiles.com\/home\/wp-content\/uploads\/2021\/11\/About-Us-3-1536x1029.jpg 1536w, https:\/\/www.aretex-textiles.com\/home\/wp-content\/uploads\/2021\/11\/About-Us-3-2048x1371.jpg 2048w, https:\/\/www.aretex-textiles.com\/home\/wp-content\/uploads\/2021\/11\/About-Us-3-465x311.jpg 465w, https:\/\/www.aretex-textiles.com\/home\/wp-content\/uploads\/2021\/11\/About-Us-3-695x465.jpg 695w\" sizes=\"auto, (max-width: 1024px) 100vw, 1024px\" \/>\t\t\t\t\t\t\t\t\t\t\t\t\t\t\t<\/div>\n\t\t\t\t<\/div>\n\t\t\t\t\t<\/div>\n\t\t<\/div>\n\t\t\t\t<div class=\"elementor-column elementor-col-66 elementor-top-column elementor-element elementor-element-8eab084 elementor-invisible\" data-id=\"8eab084\" data-element_type=\"column\" data-settings=\"{&quot;animation&quot;:&quot;slideInRight&quot;}\">\n\t\t\t<div class=\"elementor-widget-wrap elementor-element-populated\">\n\t\t\t\t\t\t\t\t<div class=\"elementor-element elementor-element-57c34e8 elementor-widget elementor-widget-text-editor\" data-id=\"57c34e8\" data-element_type=\"widget\" data-widget_type=\"text-editor.default\">\n\t\t\t\t<div class=\"elementor-widget-container\">\n\t\t\t\t\t\t\t<p><span style=\"font-size: 14pt; font-family: arial, helvetica, sans-serif;\">Our collections stand out with their distinct adaptation of global trends and developments; skilfully reflected in their characteristic designs. Customer satisfaction is prioritized through tailored services, reliability and constant innovation.<\/span><\/p><p><span style=\"font-size: 14pt; font-family: arial, helvetica, sans-serif;\">\u6211\u5011\u7684\u7cfb\u5217\u4ee5\u5176\u5c0d\u5168\u7403\u8da8\u52e2\u7684\u7368\u7279\u9069\u61c9\u800c\u812b\u7a4e\u800c\u51fa\u548c\u767c\u5c55\uff1b\u5de7\u5999\u5730\u9ad4\u73fe\u5728\u4ed6\u5011\u7684\u7279\u8272\u8a2d\u8a08\u4e0a\u3002\u9867\u5ba2\u901a\u904e\u91cf\u8eab\u5b9a\u5236\u7684\u670d\u52d9\u3001\u53ef\u9760\u6027\u548c\u6301\u7e8c\u6027\u4f86\u512a\u5148\u8003\u616e\u6eff\u610f\u5ea6\u9769\u65b0\u3002<\/span><\/p><p><span style=\"font-size: 14pt; font-family: arial, helvetica, sans-serif;\">C\u00e1c b\u1ed9 s\u01b0u t\u1eadp c\u1ee7a ch\u00fang t\u00f4i n\u1ed5i b\u1eadt v\u1edbi s\u1ef1 th\u00edch \u1ee9ng kh\u00e1c bi\u1ec7t v\u1edbi c\u00e1c xu h\u01b0\u1edbng v\u00e0 s\u1ef1 ph\u00e1t tri\u1ec3n to\u00e0n c\u1ea7u; \u0111\u01b0\u1ee3c ph\u1ea3n \u00e1nh kh\u00e9o l\u00e9o trong c\u00e1c thi\u1ebft k\u1ebf \u0111\u1eb7c tr\u01b0ng c\u1ee7a h\u1ecd. S\u1ef1 h\u00e0i l\u00f2ng c\u1ee7a kh\u00e1ch h\u00e0ng \u0111\u01b0\u1ee3c \u01b0u ti\u00ean th\u00f4ng qua c\u00e1c d\u1ecbch v\u1ee5 ph\u00f9 h\u1ee3p, \u0111\u1ed9 tin c\u1eady v\u00e0 kh\u00f4ng ng\u1eebng \u0111\u1ed5i m\u1edbi.<\/span><\/p>\t\t\t\t\t\t<\/div>\n\t\t\t\t<\/div>\n\t\t\t\t\t<\/div>\n\t\t<\/div>\n\t\t\t\t\t\t\t<\/div>\n\t\t<\/section>\n\t\t\t\t\t\t<\/div>\n\t\t\t\t\t<\/div>\n\t\t","protected":false},"excerpt":{"rendered":"<p>Aretex Textiles limited Founded in 2011, with a vision to create cutting-edge designs of outstanding quality, company has gradually increased its production capacity to meet rising demand, to cater to its dispersed customer segments in European and American markets. Aretex Textiles limited \u6210\u7acb\u65bc 2011 \u5e74\uff0c\u4ee5\u5275\u9020\u5353\u8d8a\u54c1\u8cea\u7684\u524d\u6cbf\u8a2d\u8a08\u70ba\u9858\u666f\uff0c\u516c\u53f8\u9010\u6b65\u63d0\u9ad8\u7522\u80fd\u4ee5\u6eff\u8db3\u4e0d\u65b7\u589e\u9577\u7684\u9700\u6c42\uff0c\u4ee5\u8fce\u5408\u5176\u5728\u6b50\u7f8e\u5e02\u5834\u7684\u5206\u6563\u5ba2\u6236\u7fa4\u3002 Aretex Textiles Limited \u0110\u01b0\u1ee3c th\u00e0nh<span class=\"more-link\"><a href=\"https:\/\/www.aretex-textiles.com\/home\/about-us-%e9%97%9c%e6%96%bc%e6%88%91%e5%80%91\/\">Continue Reading<\/a><\/span><\/p>\n","protected":false},"author":1,"featured_media":0,"parent":0,"menu_order":0,"comment_status":"closed","ping_status":"closed","template":"","meta":{"footnotes":""},"class_list":["entry","author-aretexadmin","post-35","page","type-page","status-publish"],"_links":{"self":[{"href":"https:\/\/www.aretex-textiles.com\/home\/wp-json\/wp\/v2\/pages\/35","targetHints":{"allow":["GET"]}}],"collection":[{"href":"https:\/\/www.aretex-textiles.com\/home\/wp-json\/wp\/v2\/pages"}],"about":[{"href":"https:\/\/www.aretex-textiles.com\/home\/wp-json\/wp\/v2\/types\/page"}],"author":[{"embeddable":true,"href":"https:\/\/www.aretex-textiles.com\/home\/wp-json\/wp\/v2\/users\/1"}],"replies":[{"embeddable":true,"href":"https:\/\/www.aretex-textiles.com\/home\/wp-json\/wp\/v2\/comments?post=35"}],"version-history":[{"count":71,"href":"https:\/\/www.aretex-textiles.com\/home\/wp-json\/wp\/v2\/pages\/35\/revisions"}],"predecessor-version":[{"id":669,"href":"https:\/\/www.aretex-textiles.com\/home\/wp-json\/wp\/v2\/pages\/35\/revisions\/669"}],"wp:attachment":[{"href":"https:\/\/www.aretex-textiles.com\/home\/wp-json\/wp\/v2\/media?parent=35"}],"curies":[{"name":"wp","href":"https:\/\/api.w.org\/{rel}","templated":true}]}}